{"id":754,"date":"2022-12-30T17:06:41","date_gmt":"2022-12-30T17:06:41","guid":{"rendered":"https:\/\/webservicesbuddy.com\/?page_id=754"},"modified":"2022-12-30T17:17:59","modified_gmt":"2022-12-30T17:17:59","slug":"sites-vitrine","status":"publish","type":"page","link":"https:\/\/webservicesbuddy.com\/en\/sites-vitrine\/","title":{"rendered":"Showcase Websites"},"content":{"rendered":"<div data-elementor-type=\"wp-post\" data-elementor-id=\"754\" class=\"elementor elementor-754\" data-elementor-post-type=\"page\">\n\t\t\t\t\t\t<section class=\"elementor-section elementor-top-section elementor-element elementor-element-71921c3 elementor-section-boxed elementor-section-height-default elementor-section-height-default\" data-id=\"71921c3\" data-element_type=\"section\" data-settings=\"{&quot;jet_parallax_layout_list&quot;:[{&quot;jet_parallax_layout_image&quot;:{&quot;url&quot;:&quot;&quot;,&quot;id&quot;:&quot;&quot;,&quot;size&quot;:&quot;&quot;},&quot;_id&quot;:&quot;a579504&quot;,&quot;jet_parallax_layout_speed&quot;:{&quot;unit&quot;:&quot;%&quot;,&quot;size&quot;:&quot;50&quot;,&quot;sizes&quot;:[]},&quot;jet_parallax_layout_bg_x&quot;:&quot;50&quot;,&quot;jet_parallax_layout_bg_y&quot;:&quot;50&quot;,&quot;jet_parallax_layout_image_tablet&quot;:{&quot;url&quot;:&quot;&quot;,&quot;id&quot;:&quot;&quot;,&quot;size&quot;:&quot;&quot;},&quot;jet_parallax_layout_image_mobile&quot;:{&quot;url&quot;:&quot;&quot;,&quot;id&quot;:&quot;&quot;,&quot;size&quot;:&quot;&quot;},&quot;jet_parallax_layout_type&quot;:&quot;scroll&quot;,&quot;jet_parallax_layout_direction&quot;:null,&quot;jet_parallax_layout_fx_direction&quot;:null,&quot;jet_parallax_layout_z_index&quot;:&quot;&quot;,&quot;jet_parallax_layout_bg_x_tablet&quot;:&quot;&quot;,&quot;jet_parallax_layout_bg_x_mobile&quot;:&quot;&quot;,&quot;jet_parallax_layout_bg_y_tablet&quot;:&quot;&quot;,&quot;jet_parallax_layout_bg_y_mobile&quot;:&quot;&quot;,&quot;jet_parallax_layout_bg_size&quot;:&quot;auto&quot;,&quot;jet_parallax_layout_bg_size_tablet&quot;:&quot;&quot;,&quot;jet_parallax_layout_bg_size_mobile&quot;:&quot;&quot;,&quot;jet_parallax_layout_animation_prop&quot;:&quot;transform&quot;,&quot;jet_parallax_layout_on&quot;:[&quot;desktop&quot;,&quot;tablet&quot;]}],&quot;background_background&quot;:&quot;classic&quot;}\">\n\t\t\t\t\t\t<div class=\"elementor-container elementor-column-gap-default\">\n\t\t\t\t\t<div class=\"elementor-column elementor-col-100 elementor-top-column elementor-element elementor-element-f0fbbab elementor-invisible\" data-id=\"f0fbbab\" data-element_type=\"column\" data-settings=\"{&quot;animation&quot;:&quot;slideInLeft&quot;}\">\n\t\t\t<div class=\"elementor-widget-wrap elementor-element-populated\">\n\t\t\t\t\t\t<div class=\"elementor-element elementor-element-293299f elementor-mobile-align-center elementor-align-left elementor-widget elementor-widget-raven-heading\" data-id=\"293299f\" data-element_type=\"widget\" data-widget_type=\"raven-heading.default\">\n\t\t\t\t<div class=\"elementor-widget-container\">\n\t\t\t\t\t<div class=\"raven-widget-wrapper\"><h1 class=\"raven-heading raven-heading-h1\"><span class=\"raven-heading-title\">Showcase websites<\/span><\/h1><\/div>\r\n\t\t\t\t<\/div>\n\t\t\t\t<\/div>\n\t\t\t\t<div class=\"elementor-element elementor-element-808cf21 elementor-widget elementor-widget-text-editor\" data-id=\"808cf21\" data-element_type=\"widget\" data-widget_type=\"text-editor.default\">\n\t\t\t\t<div class=\"elementor-widget-container\">\n\t\t\t\t\t\t\t<p>Discover here all the Showcase Sites developed for our customers.<\/p>\t\t\t\t\t\t<\/div>\n\t\t\t\t<\/div>\n\t\t\t\t\t<\/div>\n\t\t<\/div>\n\t\t\t\t\t<\/div>\n\t\t<\/section>\n\t\t\t\t<section class=\"elementor-section elementor-top-section elementor-element elementor-element-3ddc288 elementor-section-boxed elementor-section-height-default elementor-section-height-default\" data-id=\"3ddc288\" data-element_type=\"section\" data-settings=\"{&quot;jet_parallax_layout_list&quot;:[{&quot;jet_parallax_layout_image&quot;:{&quot;url&quot;:&quot;&quot;,&quot;id&quot;:&quot;&quot;,&quot;size&quot;:&quot;&quot;},&quot;_id&quot;:&quot;f976393&quot;,&quot;jet_parallax_layout_speed&quot;:{&quot;unit&quot;:&quot;%&quot;,&quot;size&quot;:&quot;50&quot;,&quot;sizes&quot;:[]},&quot;jet_parallax_layout_bg_x&quot;:&quot;50&quot;,&quot;jet_parallax_layout_bg_y&quot;:&quot;50&quot;,&quot;jet_parallax_layout_image_tablet&quot;:{&quot;url&quot;:&quot;&quot;,&quot;id&quot;:&quot;&quot;,&quot;size&quot;:&quot;&quot;},&quot;jet_parallax_layout_image_mobile&quot;:{&quot;url&quot;:&quot;&quot;,&quot;id&quot;:&quot;&quot;,&quot;size&quot;:&quot;&quot;},&quot;jet_parallax_layout_type&quot;:&quot;scroll&quot;,&quot;jet_parallax_layout_direction&quot;:null,&quot;jet_parallax_layout_fx_direction&quot;:null,&quot;jet_parallax_layout_z_index&quot;:&quot;&quot;,&quot;jet_parallax_layout_bg_x_tablet&quot;:&quot;&quot;,&quot;jet_parallax_layout_bg_x_mobile&quot;:&quot;&quot;,&quot;jet_parallax_layout_bg_y_tablet&quot;:&quot;&quot;,&quot;jet_parallax_layout_bg_y_mobile&quot;:&quot;&quot;,&quot;jet_parallax_layout_bg_size&quot;:&quot;auto&quot;,&quot;jet_parallax_layout_bg_size_tablet&quot;:&quot;&quot;,&quot;jet_parallax_layout_bg_size_mobile&quot;:&quot;&quot;,&quot;jet_parallax_layout_animation_prop&quot;:&quot;transform&quot;,&quot;jet_parallax_layout_on&quot;:[&quot;desktop&quot;,&quot;tablet&quot;]}]}\">\n\t\t\t\t\t\t<div class=\"elementor-container elementor-column-gap-default\">\n\t\t\t\t\t<div class=\"elementor-column elementor-col-100 elementor-top-column elementor-element elementor-element-ea4df33\" data-id=\"ea4df33\" data-element_type=\"column\">\n\t\t\t<div class=\"elementor-widget-wrap elementor-element-populated\">\n\t\t\t\t\t\t<div class=\"elementor-element elementor-element-02aafc9 elementor-grid-2 elementor-grid-tablet-2 elementor-grid-mobile-1 elementor-widget elementor-widget-portfolio\" data-id=\"02aafc9\" data-element_type=\"widget\" data-settings=\"{&quot;columns&quot;:&quot;2&quot;,&quot;masonry&quot;:&quot;yes&quot;,&quot;row_gap&quot;:{&quot;unit&quot;:&quot;px&quot;,&quot;size&quot;:100,&quot;sizes&quot;:[]},&quot;columns_tablet&quot;:&quot;2&quot;,&quot;columns_mobile&quot;:&quot;1&quot;,&quot;item_gap&quot;:{&quot;unit&quot;:&quot;px&quot;,&quot;size&quot;:&quot;&quot;,&quot;sizes&quot;:[]}}\" data-widget_type=\"portfolio.default\">\n\t\t\t\t<div class=\"elementor-widget-container\">\n\t\t\t\t\t<div class=\"elementor-portfolio elementor-grid elementor-posts-container\">\n\t\t\t\t<article class=\"elementor-portfolio-item elementor-post  post-1436 portfolio type-portfolio status-publish has-post-thumbnail hentry portfolio_category-conseil portfolio_category-sites-vitrine\">\n\t\t\t<a class=\"elementor-post__thumbnail__link\" href=\"https:\/\/webservicesbuddy.com\/en\/portfolio\/revercible\/\">\n\t\t\t\t<div class=\"elementor-portfolio-item__img elementor-post__thumbnail\">\n\t\t\t<img fetchpriority=\"high\" decoding=\"async\" width=\"300\" height=\"300\" src=\"https:\/\/webservicesbuddy.com\/wp-content\/uploads\/2023\/08\/rever-3-300x300.jpg\" class=\"attachment-medium size-medium wp-image-1372\" alt=\"Site Web WordPress r\u00e9alis\u00e9 par Web Services Buddy pour Revercible\" srcset=\"https:\/\/webservicesbuddy.com\/wp-content\/uploads\/2023\/08\/rever-3-300x300.jpg 300w, https:\/\/webservicesbuddy.com\/wp-content\/uploads\/2023\/08\/rever-3-150x150.jpg 150w, https:\/\/webservicesbuddy.com\/wp-content\/uploads\/2023\/08\/rever-3-500x500.jpg 500w, https:\/\/webservicesbuddy.com\/wp-content\/uploads\/2023\/08\/rever-3-100x100.jpg 100w\" sizes=\"(max-width: 300px) 100vw, 300px\" \/>\t\t<\/div>\n\t\t\t\t<div class=\"elementor-portfolio-item__overlay\">\n\t\t\t\t<h3 class=\"elementor-portfolio-item__title\">\n\t\tRevercible\t\t<\/h3>\n\t\t\t\t<\/div>\n\t\t\t\t<\/a>\n\t\t<\/article>\n\t\t\t\t<article class=\"elementor-portfolio-item elementor-post  post-1426 portfolio type-portfolio status-publish has-post-thumbnail hentry portfolio_category-art portfolio_category-sites-vitrine\">\n\t\t\t<a class=\"elementor-post__thumbnail__link\" href=\"https:\/\/webservicesbuddy.com\/en\/portfolio\/july-tourret\/\">\n\t\t\t\t<div class=\"elementor-portfolio-item__img elementor-post__thumbnail\">\n\t\t\t<img decoding=\"async\" width=\"300\" height=\"300\" src=\"https:\/\/webservicesbuddy.com\/wp-content\/uploads\/2023\/08\/july-1-300x300.jpg\" class=\"attachment-medium size-medium wp-image-1361\" alt=\"Site Web WordPress r\u00e9alis\u00e9 par Web Services Buddy pour July Tourret\" srcset=\"https:\/\/webservicesbuddy.com\/wp-content\/uploads\/2023\/08\/july-1-300x300.jpg 300w, https:\/\/webservicesbuddy.com\/wp-content\/uploads\/2023\/08\/july-1-150x150.jpg 150w, https:\/\/webservicesbuddy.com\/wp-content\/uploads\/2023\/08\/july-1-500x500.jpg 500w, https:\/\/webservicesbuddy.com\/wp-content\/uploads\/2023\/08\/july-1-100x100.jpg 100w\" sizes=\"(max-width: 300px) 100vw, 300px\" \/>\t\t<\/div>\n\t\t\t\t<div class=\"elementor-portfolio-item__overlay\">\n\t\t\t\t<h3 class=\"elementor-portfolio-item__title\">\n\t\tJuly Tourret\t\t<\/h3>\n\t\t\t\t<\/div>\n\t\t\t\t<\/a>\n\t\t<\/article>\n\t\t\t\t<article class=\"elementor-portfolio-item elementor-post  post-1419 portfolio type-portfolio status-publish has-post-thumbnail hentry portfolio_category-cosmetiques portfolio_category-sites-vitrine\">\n\t\t\t<a class=\"elementor-post__thumbnail__link\" href=\"https:\/\/webservicesbuddy.com\/en\/portfolio\/ce-joly\/\">\n\t\t\t\t<div class=\"elementor-portfolio-item__img elementor-post__thumbnail\">\n\t\t\t<img decoding=\"async\" width=\"300\" height=\"300\" src=\"https:\/\/webservicesbuddy.com\/wp-content\/uploads\/2023\/08\/cejoly-3-300x300.jpg\" class=\"attachment-medium size-medium wp-image-1354\" alt=\"Site Web WordPress r\u00e9alis\u00e9 par Web Services Buddy pour C\u00e9Joly.fr\" srcset=\"https:\/\/webservicesbuddy.com\/wp-content\/uploads\/2023\/08\/cejoly-3-300x300.jpg 300w, https:\/\/webservicesbuddy.com\/wp-content\/uploads\/2023\/08\/cejoly-3-150x150.jpg 150w, https:\/\/webservicesbuddy.com\/wp-content\/uploads\/2023\/08\/cejoly-3-500x500.jpg 500w, https:\/\/webservicesbuddy.com\/wp-content\/uploads\/2023\/08\/cejoly-3-100x100.jpg 100w\" sizes=\"(max-width: 300px) 100vw, 300px\" \/>\t\t<\/div>\n\t\t\t\t<div class=\"elementor-portfolio-item__overlay\">\n\t\t\t\t<h3 class=\"elementor-portfolio-item__title\">\n\t\tC\u00e9 Joly\t\t<\/h3>\n\t\t\t\t<\/div>\n\t\t\t\t<\/a>\n\t\t<\/article>\n\t\t\t\t<article class=\"elementor-portfolio-item elementor-post  post-1412 portfolio type-portfolio status-publish has-post-thumbnail hentry portfolio_category-habitat portfolio_category-sites-vitrine\">\n\t\t\t<a class=\"elementor-post__thumbnail__link\" href=\"https:\/\/webservicesbuddy.com\/en\/portfolio\/ca-plomberie\/\">\n\t\t\t\t<div class=\"elementor-portfolio-item__img elementor-post__thumbnail\">\n\t\t\t<img loading=\"lazy\" decoding=\"async\" width=\"300\" height=\"300\" src=\"https:\/\/webservicesbuddy.com\/wp-content\/uploads\/2023\/08\/plomberie-1-300x300.jpg\" class=\"attachment-medium size-medium wp-image-1367\" alt=\"Site Web WordPress r\u00e9alis\u00e9 par Web Services Buddy pour CA Plomberie\" srcset=\"https:\/\/webservicesbuddy.com\/wp-content\/uploads\/2023\/08\/plomberie-1-300x300.jpg 300w, https:\/\/webservicesbuddy.com\/wp-content\/uploads\/2023\/08\/plomberie-1-150x150.jpg 150w, https:\/\/webservicesbuddy.com\/wp-content\/uploads\/2023\/08\/plomberie-1-500x500.jpg 500w, https:\/\/webservicesbuddy.com\/wp-content\/uploads\/2023\/08\/plomberie-1-100x100.jpg 100w\" sizes=\"(max-width: 300px) 100vw, 300px\" \/>\t\t<\/div>\n\t\t\t\t<div class=\"elementor-portfolio-item__overlay\">\n\t\t\t\t<h3 class=\"elementor-portfolio-item__title\">\n\t\tCA Plomberie\t\t<\/h3>\n\t\t\t\t<\/div>\n\t\t\t\t<\/a>\n\t\t<\/article>\n\t\t\t\t<article class=\"elementor-portfolio-item elementor-post  post-1405 portfolio type-portfolio status-publish has-post-thumbnail hentry portfolio_category-cosmetiques portfolio_category-sites-vitrine\">\n\t\t\t<a class=\"elementor-post__thumbnail__link\" href=\"https:\/\/webservicesbuddy.com\/en\/portfolio\/aux-elles-danges\/\">\n\t\t\t\t<div class=\"elementor-portfolio-item__img elementor-post__thumbnail\">\n\t\t\t<img loading=\"lazy\" decoding=\"async\" width=\"300\" height=\"300\" src=\"https:\/\/webservicesbuddy.com\/wp-content\/uploads\/2023\/08\/auxailes-1-300x300.jpg\" class=\"attachment-medium size-medium wp-image-1349\" alt=\"Site Web WordPress r\u00e9alis\u00e9 par Web Services Buddy pour Aux Elles D&#039;Ange\" srcset=\"https:\/\/webservicesbuddy.com\/wp-content\/uploads\/2023\/08\/auxailes-1-300x300.jpg 300w, https:\/\/webservicesbuddy.com\/wp-content\/uploads\/2023\/08\/auxailes-1-150x150.jpg 150w, https:\/\/webservicesbuddy.com\/wp-content\/uploads\/2023\/08\/auxailes-1-500x500.jpg 500w, https:\/\/webservicesbuddy.com\/wp-content\/uploads\/2023\/08\/auxailes-1-100x100.jpg 100w\" sizes=\"(max-width: 300px) 100vw, 300px\" \/>\t\t<\/div>\n\t\t\t\t<div class=\"elementor-portfolio-item__overlay\">\n\t\t\t\t<h3 class=\"elementor-portfolio-item__title\">\n\t\tAux Elles D&#8217;anges\t\t<\/h3>\n\t\t\t\t<\/div>\n\t\t\t\t<\/a>\n\t\t<\/article>\n\t\t\t\t<article class=\"elementor-portfolio-item elementor-post  post-1398 portfolio type-portfolio status-publish has-post-thumbnail hentry portfolio_category-habitat portfolio_category-sites-vitrine\">\n\t\t\t<a class=\"elementor-post__thumbnail__link\" href=\"https:\/\/webservicesbuddy.com\/en\/portfolio\/bornes-alisme\/\">\n\t\t\t\t<div class=\"elementor-portfolio-item__img elementor-post__thumbnail\">\n\t\t\t<img loading=\"lazy\" decoding=\"async\" width=\"300\" height=\"300\" src=\"https:\/\/webservicesbuddy.com\/wp-content\/uploads\/2023\/08\/alisme-3-300x300.jpg\" class=\"attachment-medium size-medium wp-image-1348\" alt=\"Site Web WordPress r\u00e9alis\u00e9 par Web Services Buddy pour Bornes Alisme\" srcset=\"https:\/\/webservicesbuddy.com\/wp-content\/uploads\/2023\/08\/alisme-3-300x300.jpg 300w, https:\/\/webservicesbuddy.com\/wp-content\/uploads\/2023\/08\/alisme-3-150x150.jpg 150w, https:\/\/webservicesbuddy.com\/wp-content\/uploads\/2023\/08\/alisme-3-500x500.jpg 500w, https:\/\/webservicesbuddy.com\/wp-content\/uploads\/2023\/08\/alisme-3-100x100.jpg 100w\" sizes=\"(max-width: 300px) 100vw, 300px\" \/>\t\t<\/div>\n\t\t\t\t<div class=\"elementor-portfolio-item__overlay\">\n\t\t\t\t<h3 class=\"elementor-portfolio-item__title\">\n\t\tBornes Alisme\t\t<\/h3>\n\t\t\t\t<\/div>\n\t\t\t\t<\/a>\n\t\t<\/article>\n\t\t\t\t<\/div>\n\t\t\t\t<\/div>\n\t\t\t\t<\/div>\n\t\t\t\t\t<\/div>\n\t\t<\/div>\n\t\t\t\t\t<\/div>\n\t\t<\/section>\n\t\t\t\t<section class=\"elementor-section elementor-top-section elementor-element elementor-element-a9b964c elementor-section-height-min-height elementor-section-boxed elementor-section-height-default elementor-section-items-middle\" data-id=\"a9b964c\" data-element_type=\"section\" data-settings=\"{&quot;jet_parallax_layout_list&quot;:[{&quot;jet_parallax_layout_image&quot;:{&quot;url&quot;:&quot;&quot;,&quot;id&quot;:&quot;&quot;,&quot;size&quot;:&quot;&quot;},&quot;_id&quot;:&quot;8292d49&quot;,&quot;jet_parallax_layout_speed&quot;:{&quot;unit&quot;:&quot;%&quot;,&quot;size&quot;:&quot;50&quot;,&quot;sizes&quot;:[]},&quot;jet_parallax_layout_bg_x&quot;:&quot;50&quot;,&quot;jet_parallax_layout_bg_y&quot;:&quot;50&quot;,&quot;jet_parallax_layout_image_tablet&quot;:{&quot;url&quot;:&quot;&quot;,&quot;id&quot;:&quot;&quot;,&quot;size&quot;:&quot;&quot;},&quot;jet_parallax_layout_image_mobile&quot;:{&quot;url&quot;:&quot;&quot;,&quot;id&quot;:&quot;&quot;,&quot;size&quot;:&quot;&quot;},&quot;jet_parallax_layout_type&quot;:&quot;scroll&quot;,&quot;jet_parallax_layout_direction&quot;:null,&quot;jet_parallax_layout_fx_direction&quot;:null,&quot;jet_parallax_layout_z_index&quot;:&quot;&quot;,&quot;jet_parallax_layout_bg_x_tablet&quot;:&quot;&quot;,&quot;jet_parallax_layout_bg_x_mobile&quot;:&quot;&quot;,&quot;jet_parallax_layout_bg_y_tablet&quot;:&quot;&quot;,&quot;jet_parallax_layout_bg_y_mobile&quot;:&quot;&quot;,&quot;jet_parallax_layout_bg_size&quot;:&quot;auto&quot;,&quot;jet_parallax_layout_bg_size_tablet&quot;:&quot;&quot;,&quot;jet_parallax_layout_bg_size_mobile&quot;:&quot;&quot;,&quot;jet_parallax_layout_animation_prop&quot;:&quot;transform&quot;,&quot;jet_parallax_layout_on&quot;:[&quot;desktop&quot;,&quot;tablet&quot;]}],&quot;background_background&quot;:&quot;classic&quot;}\">\n\t\t\t\t\t\t<div class=\"elementor-container elementor-column-gap-default\">\n\t\t\t\t\t<div class=\"elementor-column elementor-col-100 elementor-top-column elementor-element elementor-element-6789e76\" data-id=\"6789e76\" data-element_type=\"column\">\n\t\t\t<div class=\"elementor-widget-wrap elementor-element-populated\">\n\t\t\t\t\t\t<div class=\"elementor-element elementor-element-8d60a14 elementor-align-center elementor-mobile-align-center elementor-widget elementor-widget-raven-heading\" data-id=\"8d60a14\" data-element_type=\"widget\" data-widget_type=\"raven-heading.default\">\n\t\t\t\t<div class=\"elementor-widget-container\">\n\t\t\t\t\t<div class=\"raven-widget-wrapper\"><p class=\"raven-heading raven-heading-p\"><span class=\"raven-heading-title\">Start a project with Web Services Buddy?<\/span><\/p><\/div>\r\n\t\t\t\t<\/div>\n\t\t\t\t<\/div>\n\t\t\t\t<div class=\"elementor-element elementor-element-77d14e8 elementor-align-center elementor-widget elementor-widget-raven-button\" data-id=\"77d14e8\" data-element_type=\"widget\" data-settings=\"{&quot;turn_to_popup_action_button&quot;:&quot;no&quot;}\" data-widget_type=\"raven-button.default\">\n\t\t\t\t<div class=\"elementor-widget-container\">\n\t\t\t\t\t<div class=\"raven-widget-wrapper\">\r\n\t\t\t<a class=\"raven-button raven-button-widget-normal-effect-none  raven-button-text-align-center raven-button-link elementor-animation-wobble-skew\" href=\"https:\/\/webservicesbuddy.com\/en\/contact-me\/\">\t\t\t\t<div class=\"raven-button-overlay\" ><\/div>\r\n\t\t\t\t<span class=\"raven-button-content\">\r\n\t\t\t\t\t\r\n\t\t\t\t\t<div class=\"button-text-container\">\r\n\t\t\t\t\t\t\t\t\t\t\t\t<div class=\"raven-button-texts-wrapper\">\r\n\t\t\t\t\t\t\t<div class=\"button-text\">\r\n\t\t\t\t\t\t\t\t<span class=\"raven-button-text\">\r\n\t\t\t\t\t\t\t\t\tContact us Now\t\t\t\t\t\t\t\t<\/span>\r\n\t\t\t\t\t\t\t<\/div>\r\n\t\t\t\t\t\t\t\t\t\t\t\t\t<\/div>\r\n\t\t\t\t\t\t\t\t\t\t\t<\/div>\r\n\t\t\t\t\t\r\n\t\t\t\t\t\t\t\t\t<\/span>\r\n\t\t\t<\/a>\t\t<\/div>\r\n\t\t\t\t<\/div>\n\t\t\t\t<\/div>\n\t\t\t\t\t<\/div>\n\t\t<\/div>\n\t\t\t\t\t<\/div>\n\t\t<\/section>\n\t\t\t\t<\/div>","protected":false},"excerpt":{"rendered":"<p>Sites Vitrines D\u00e9couvrez ici l&#8217;ensemble des Sites Vitrine d\u00e9velopp\u00e9s pour nos clients. D\u00e9mmarer un projet avec Web Services Buddy? Contactez nous<\/p>","protected":false},"author":1,"featured_media":0,"parent":0,"menu_order":0,"comment_status":"closed","ping_status":"closed","template":"elementor_header_footer","meta":{"_acf_changed":false,"footnotes":""},"class_list":["post-754","page","type-page","status-publish","hentry"],"acf":[],"yoast_head":"<!-- This site is optimized with the Yoast SEO Premium plugin v19.1 (Yoast SEO v23.3) - https:\/\/yoast.com\/wordpress\/plugins\/seo\/ -->\n<title>Web Designer - Jupiter X Templates<\/title>\n<meta name=\"description\" content=\"A creative portfolio-based Web Designer website template by Jupiter X WP Theme with it\u2019s delegant elements like Post, Moving parallax images, Instagram integration and gigantic decorative Fonts that will make your portfolio website stand out.\" \/>\n<meta name=\"robots\" content=\"index, follow, max-snippet:-1, max-image-preview:large, max-video-preview:-1\" \/>\n<link rel=\"canonical\" href=\"https:\/\/webservicesbuddy.com\/en\/sites-vitrine\/\" \/>\n<meta property=\"og:locale\" content=\"en_US\" \/>\n<meta property=\"og:type\" content=\"article\" \/>\n<meta property=\"og:title\" content=\"Sites Vitrine\" \/>\n<meta property=\"og:description\" content=\"A creative portfolio-based Web Designer website template by Jupiter X WP Theme with it\u2019s delegant elements like Post, Moving parallax images, Instagram integration and gigantic decorative Fonts that will make your portfolio website stand out.\" \/>\n<meta property=\"og:url\" content=\"https:\/\/webservicesbuddy.com\/en\/sites-vitrine\/\" \/>\n<meta property=\"og:site_name\" content=\"Cr\u00e9ation de sites internet, Webdesigner &amp; Graphic Design Freelance\" \/>\n<meta property=\"article:modified_time\" content=\"2022-12-30T17:17:59+00:00\" \/>\n<meta name=\"twitter:card\" content=\"summary_large_image\" \/>\n<meta name=\"twitter:label1\" content=\"Est. reading time\" \/>\n\t<meta name=\"twitter:data1\" content=\"2 minutes\" \/>\n<script type=\"application\/ld+json\" class=\"yoast-schema-graph\">{\"@context\":\"https:\/\/schema.org\",\"@graph\":[{\"@type\":\"WebPage\",\"@id\":\"https:\/\/webservicesbuddy.com\/sites-vitrine\/\",\"url\":\"https:\/\/webservicesbuddy.com\/sites-vitrine\/\",\"name\":\"Web Designer - Jupiter X Templates\",\"isPartOf\":{\"@id\":\"https:\/\/webservicesbuddy.com\/#website\"},\"datePublished\":\"2022-12-30T17:06:41+00:00\",\"dateModified\":\"2022-12-30T17:17:59+00:00\",\"description\":\"A creative portfolio-based Web Designer website template by Jupiter X WP Theme with it\u2019s delegant elements like Post, Moving parallax images, Instagram integration and gigantic decorative Fonts that will make your portfolio website stand out.\",\"breadcrumb\":{\"@id\":\"https:\/\/webservicesbuddy.com\/sites-vitrine\/#breadcrumb\"},\"inLanguage\":\"en-US\",\"potentialAction\":[{\"@type\":\"ReadAction\",\"target\":[\"https:\/\/webservicesbuddy.com\/sites-vitrine\/\"]}]},{\"@type\":\"BreadcrumbList\",\"@id\":\"https:\/\/webservicesbuddy.com\/sites-vitrine\/#breadcrumb\",\"itemListElement\":[{\"@type\":\"ListItem\",\"position\":1,\"name\":\"Home\",\"item\":\"https:\/\/webservicesbuddy.com\/\"},{\"@type\":\"ListItem\",\"position\":2,\"name\":\"Sites Vitrine\"}]},{\"@type\":\"WebSite\",\"@id\":\"https:\/\/webservicesbuddy.com\/#website\",\"url\":\"https:\/\/webservicesbuddy.com\/\",\"name\":\"Cr\u00e9ation de sites internet, Webdesigner &amp; Graphic Design Freelance\",\"description\":\"Freelance | Site vitrine WordPress | Site ecommerce Woocommerce  | Cr\u00e9ation de logos et visuels | Image de marque &amp; Branding\",\"publisher\":{\"@id\":\"https:\/\/webservicesbuddy.com\/#organization\"},\"potentialAction\":[{\"@type\":\"SearchAction\",\"target\":{\"@type\":\"EntryPoint\",\"urlTemplate\":\"https:\/\/webservicesbuddy.com\/?s={search_term_string}\"},\"query-input\":\"required name=search_term_string\"}],\"inLanguage\":\"en-US\"},{\"@type\":\"Organization\",\"@id\":\"https:\/\/webservicesbuddy.com\/#organization\",\"name\":\"Web Services Buddy\",\"url\":\"https:\/\/webservicesbuddy.com\/\",\"logo\":{\"@type\":\"ImageObject\",\"inLanguage\":\"en-US\",\"@id\":\"https:\/\/webservicesbuddy.com\/#\/schema\/logo\/image\/\",\"url\":\"https:\/\/webservicesbuddy.com\/wp-content\/uploads\/2021\/04\/cropped-favi.jpg\",\"contentUrl\":\"https:\/\/webservicesbuddy.com\/wp-content\/uploads\/2021\/04\/cropped-favi.jpg\",\"width\":512,\"height\":512,\"caption\":\"Web Services Buddy\"},\"image\":{\"@id\":\"https:\/\/webservicesbuddy.com\/#\/schema\/logo\/image\/\"}}]}<\/script>\n<!-- \/ Yoast SEO Premium plugin. -->","yoast_head_json":{"title":"Web Designer - Jupiter X Templates","description":"A creative portfolio-based Web Designer website template by Jupiter X WP Theme with it\u2019s delegant elements like Post, Moving parallax images, Instagram integration and gigantic decorative Fonts that will make your portfolio website stand out.","robots":{"index":"index","follow":"follow","max-snippet":"max-snippet:-1","max-image-preview":"max-image-preview:large","max-video-preview":"max-video-preview:-1"},"canonical":"https:\/\/webservicesbuddy.com\/en\/sites-vitrine\/","og_locale":"en_US","og_type":"article","og_title":"Sites Vitrine","og_description":"A creative portfolio-based Web Designer website template by Jupiter X WP Theme with it\u2019s delegant elements like Post, Moving parallax images, Instagram integration and gigantic decorative Fonts that will make your portfolio website stand out.","og_url":"https:\/\/webservicesbuddy.com\/en\/sites-vitrine\/","og_site_name":"Cr\u00e9ation de sites internet, Webdesigner &amp; Graphic Design Freelance","article_modified_time":"2022-12-30T17:17:59+00:00","twitter_card":"summary_large_image","twitter_misc":{"Est. reading time":"2 minutes"},"schema":{"@context":"https:\/\/schema.org","@graph":[{"@type":"WebPage","@id":"https:\/\/webservicesbuddy.com\/sites-vitrine\/","url":"https:\/\/webservicesbuddy.com\/sites-vitrine\/","name":"Web Designer - Jupiter X Templates","isPartOf":{"@id":"https:\/\/webservicesbuddy.com\/#website"},"datePublished":"2022-12-30T17:06:41+00:00","dateModified":"2022-12-30T17:17:59+00:00","description":"A creative portfolio-based Web Designer website template by Jupiter X WP Theme with it\u2019s delegant elements like Post, Moving parallax images, Instagram integration and gigantic decorative Fonts that will make your portfolio website stand out.","breadcrumb":{"@id":"https:\/\/webservicesbuddy.com\/sites-vitrine\/#breadcrumb"},"inLanguage":"en-US","potentialAction":[{"@type":"ReadAction","target":["https:\/\/webservicesbuddy.com\/sites-vitrine\/"]}]},{"@type":"BreadcrumbList","@id":"https:\/\/webservicesbuddy.com\/sites-vitrine\/#breadcrumb","itemListElement":[{"@type":"ListItem","position":1,"name":"Home","item":"https:\/\/webservicesbuddy.com\/"},{"@type":"ListItem","position":2,"name":"Sites Vitrine"}]},{"@type":"WebSite","@id":"https:\/\/webservicesbuddy.com\/#website","url":"https:\/\/webservicesbuddy.com\/","name":"Cr\u00e9ation de sites internet, Webdesigner &amp; Graphic Design Freelance","description":"Freelance | Site vitrine WordPress | Site ecommerce Woocommerce  | Cr\u00e9ation de logos et visuels | Image de marque &amp; Branding","publisher":{"@id":"https:\/\/webservicesbuddy.com\/#organization"},"potentialAction":[{"@type":"SearchAction","target":{"@type":"EntryPoint","urlTemplate":"https:\/\/webservicesbuddy.com\/?s={search_term_string}"},"query-input":"required name=search_term_string"}],"inLanguage":"en-US"},{"@type":"Organization","@id":"https:\/\/webservicesbuddy.com\/#organization","name":"Web Services Buddy","url":"https:\/\/webservicesbuddy.com\/","logo":{"@type":"ImageObject","inLanguage":"en-US","@id":"https:\/\/webservicesbuddy.com\/#\/schema\/logo\/image\/","url":"https:\/\/webservicesbuddy.com\/wp-content\/uploads\/2021\/04\/cropped-favi.jpg","contentUrl":"https:\/\/webservicesbuddy.com\/wp-content\/uploads\/2021\/04\/cropped-favi.jpg","width":512,"height":512,"caption":"Web Services Buddy"},"image":{"@id":"https:\/\/webservicesbuddy.com\/#\/schema\/logo\/image\/"}}]}},"_links":{"self":[{"href":"https:\/\/webservicesbuddy.com\/en\/wp-json\/wp\/v2\/pages\/754","targetHints":{"allow":["GET"]}}],"collection":[{"href":"https:\/\/webservicesbuddy.com\/en\/wp-json\/wp\/v2\/pages"}],"about":[{"href":"https:\/\/webservicesbuddy.com\/en\/wp-json\/wp\/v2\/types\/page"}],"author":[{"embeddable":true,"href":"https:\/\/webservicesbuddy.com\/en\/wp-json\/wp\/v2\/users\/1"}],"replies":[{"embeddable":true,"href":"https:\/\/webservicesbuddy.com\/en\/wp-json\/wp\/v2\/comments?post=754"}],"version-history":[{"count":4,"href":"https:\/\/webservicesbuddy.com\/en\/wp-json\/wp\/v2\/pages\/754\/revisions"}],"predecessor-version":[{"id":760,"href":"https:\/\/webservicesbuddy.com\/en\/wp-json\/wp\/v2\/pages\/754\/revisions\/760"}],"wp:attachment":[{"href":"https:\/\/webservicesbuddy.com\/en\/wp-json\/wp\/v2\/media?parent=754"}],"curies":[{"name":"wp","href":"https:\/\/api.w.org\/{rel}","templated":true}]}}