{"id":1489,"date":"2023-08-29T07:40:59","date_gmt":"2023-08-29T07:40:59","guid":{"rendered":"https:\/\/webservicesbuddy.com\/?page_id=1489"},"modified":"2023-08-29T07:51:49","modified_gmt":"2023-08-29T07:51:49","slug":"hebergement-web","status":"publish","type":"page","link":"https:\/\/webservicesbuddy.com\/en\/hebergement-web\/","title":{"rendered":"H\u00e9bergement Web"},"content":{"rendered":"<div data-elementor-type=\"wp-page\" data-elementor-id=\"1489\" class=\"elementor elementor-1489\" data-elementor-post-type=\"page\">\n\t\t\t\t\t\t<section class=\"elementor-section elementor-top-section elementor-element elementor-element-1bf1da0 elementor-section-full_width elementor-section-stretched elementor-section-height-default elementor-section-height-default\" data-id=\"1bf1da0\" data-element_type=\"section\" data-settings=\"{&quot;stretch_section&quot;:&quot;section-stretched&quot;,&quot;jet_parallax_layout_list&quot;:[]}\">\n\t\t\t\t\t\t<div class=\"elementor-container elementor-column-gap-default\">\n\t\t\t\t\t<div class=\"elementor-column elementor-col-100 elementor-top-column elementor-element elementor-element-ac597c9\" data-id=\"ac597c9\" data-element_type=\"column\">\n\t\t\t<div class=\"elementor-widget-wrap\">\n\t\t\t\t\t\t\t<\/div>\n\t\t<\/div>\n\t\t\t\t\t<\/div>\n\t\t<\/section>\n\t\t\t\t<section class=\"elementor-section elementor-top-section elementor-element elementor-element-f4dd688 elementor-section-boxed elementor-section-height-default elementor-section-height-default\" data-id=\"f4dd688\" data-element_type=\"section\" data-settings=\"{&quot;jet_parallax_layout_list&quot;:[]}\">\n\t\t\t\t\t\t<div class=\"elementor-container elementor-column-gap-default\">\n\t\t\t\t\t<div class=\"elementor-column elementor-col-100 elementor-top-column elementor-element elementor-element-5b999a0\" data-id=\"5b999a0\" data-element_type=\"column\">\n\t\t\t<div class=\"elementor-widget-wrap elementor-element-populated\">\n\t\t\t\t\t\t<div class=\"elementor-element elementor-element-17329b6 elementor-widget elementor-widget-jet-headline\" data-id=\"17329b6\" data-element_type=\"widget\" data-widget_type=\"jet-headline.default\">\n\t\t\t\t<div class=\"elementor-widget-container\">\n\t\t\t<h2 class=\"jet-headline jet-headline--direction-horizontal\"><span class=\"jet-headline__part jet-headline__first\"><span class=\"jet-headline__label\">H\u00c9BERGEMENT<\/span><\/span><span class=\"jet-headline__space\">&nbsp;<\/span><span class=\"jet-headline__part jet-headline__second\"><span class=\"jet-headline__label\">WEB<\/span><\/span><\/h2>\t\t<\/div>\n\t\t\t\t<\/div>\n\t\t\t\t<div class=\"elementor-element elementor-element-d4889c9 elementor-widget elementor-widget-text-editor\" data-id=\"d4889c9\" data-element_type=\"widget\" data-widget_type=\"text-editor.default\">\n\t\t\t\t<div class=\"elementor-widget-container\">\n\t\t\t\t\t\t\t<p><strong>Vous souhaitez cr\u00e9er un site Internet mais ne savez pas vers qui vous tourner pour l\u2019h\u00e9bergement ?<\/strong><\/p><p>Aucun soucis, Web Services Buddy s&#8217;occupe de tout!<\/p>\t\t\t\t\t\t<\/div>\n\t\t\t\t<\/div>\n\t\t\t\t\t<\/div>\n\t\t<\/div>\n\t\t\t\t\t<\/div>\n\t\t<\/section>\n\t\t\t\t<section class=\"elementor-section elementor-top-section elementor-element elementor-element-f45553c elementor-section-boxed elementor-section-height-default elementor-section-height-default\" data-id=\"f45553c\" data-element_type=\"section\" data-settings=\"{&quot;jet_parallax_layout_list&quot;:[]}\">\n\t\t\t\t\t\t<div class=\"elementor-container elementor-column-gap-default\">\n\t\t\t\t\t<div class=\"elementor-column elementor-col-50 elementor-top-column elementor-element elementor-element-f1e302d\" data-id=\"f1e302d\" data-element_type=\"column\">\n\t\t\t<div class=\"elementor-widget-wrap elementor-element-populated\">\n\t\t\t\t\t\t<div class=\"elementor-element elementor-element-cab1a32 elementor-widget elementor-widget-text-editor\" data-id=\"cab1a32\" data-element_type=\"widget\" data-widget_type=\"text-editor.default\">\n\t\t\t\t<div class=\"elementor-widget-container\">\n\t\t\t\t\t\t\t<p>Nous vous proposons de prendre en charge l&#8217;h\u00e9bergement de votre site web.\u00a0<\/p><p>L&#8217;ensemble de nos sites sont h\u00e9berg\u00e9s sur <a href=\"https:\/\/www.o2switch.fr\/hebergement-illimite\/\"><b>O2SWITCH, <\/b><\/a>h\u00e9bergeur fran\u00e7ais qui propose un service complet gr\u00e2ce \u00e0 un <strong>serveur 100% s\u00e9curis\u00e9<\/strong>\u00a0et une \u00e9quipe technique disponible et pouvant intervenir rapidement en cas de probl\u00e8me.<\/p><p>Avec un site internet disposant d\u2019une\u00a0<strong>navigation s\u00e9curis\u00e9e<\/strong>\u00a0(Certificat SSL), vous pourrez ainsi d\u00e9velopper votre activit\u00e9 en ligne afin d\u2019attirer de nouveaux clients et ainsi accro\u00eetre votre r\u00e9seau.<\/p><p>De plus, \u00e0 l&#8217;achat d&#8217;un nouvel h\u00e9bergement chez eux, votre nom de domaine est offer pendant un an.<\/p><p>Vous pouvez bien sur vous occuper vous m\u00eame de prendre votre h\u00e9bergement, ou non pouvons nous en occuper \u00e0\u00a0 votre place<\/p><p>N\u2019h\u00e9sitez plus ! Contactez nos \u00e9quipes d\u00e8s \u00e0 pr\u00e9sent pour en savoir plus.<\/p>\t\t\t\t\t\t<\/div>\n\t\t\t\t<\/div>\n\t\t\t\t<div class=\"elementor-element elementor-element-0a279b3 elementor-align-left elementor-invisible elementor-widget elementor-widget-button\" data-id=\"0a279b3\" data-element_type=\"widget\" data-settings=\"{&quot;_animation&quot;:&quot;zoomIn&quot;}\" data-widget_type=\"button.default\">\n\t\t\t\t<div class=\"elementor-widget-container\">\n\t\t\t\t\t\t\t<div class=\"elementor-button-wrapper\">\n\t\t\t\t\t<a class=\"elementor-button elementor-button-link elementor-size-xl\" href=\"https:\/\/webservicesbuddy.com\/en\/contact\/\">\n\t\t\t\t\t\t<span class=\"elementor-button-content-wrapper\">\n\t\t\t\t\t\t\t\t\t<span class=\"elementor-button-text\">Contact us Now<\/span>\n\t\t\t\t\t<\/span>\n\t\t\t\t\t<\/a>\n\t\t\t\t<\/div>\n\t\t\t\t\t\t<\/div>\n\t\t\t\t<\/div>\n\t\t\t\t\t<\/div>\n\t\t<\/div>\n\t\t\t\t<div class=\"elementor-column elementor-col-50 elementor-top-column elementor-element elementor-element-89aa319\" data-id=\"89aa319\" data-element_type=\"column\">\n\t\t\t<div class=\"elementor-widget-wrap elementor-element-populated\">\n\t\t\t\t\t\t<div class=\"elementor-element elementor-element-14b5eed elementor-widget elementor-widget-image\" data-id=\"14b5eed\" data-element_type=\"widget\" data-widget_type=\"image.default\">\n\t\t\t\t<div class=\"elementor-widget-container\">\n\t\t\t\t\t\t\t\t\t\t\t\t\t<img fetchpriority=\"high\" decoding=\"async\" width=\"951\" height=\"713\" src=\"https:\/\/webservicesbuddy.com\/wp-content\/uploads\/2023\/08\/o2switch.fr-big.jpg\" class=\"attachment-large size-large wp-image-1491\" alt=\"\" srcset=\"https:\/\/webservicesbuddy.com\/wp-content\/uploads\/2023\/08\/o2switch.fr-big.jpg 951w, https:\/\/webservicesbuddy.com\/wp-content\/uploads\/2023\/08\/o2switch.fr-big-768x576.jpg 768w, https:\/\/webservicesbuddy.com\/wp-content\/uploads\/2023\/08\/o2switch.fr-big-16x12.jpg 16w, https:\/\/webservicesbuddy.com\/wp-content\/uploads\/2023\/08\/o2switch.fr-big-600x450.jpg 600w\" sizes=\"(max-width: 951px) 100vw, 951px\" \/>\t\t\t\t\t\t\t\t\t\t\t\t\t<\/div>\n\t\t\t\t<\/div>\n\t\t\t\t\t<\/div>\n\t\t<\/div>\n\t\t\t\t\t<\/div>\n\t\t<\/section>\n\t\t\t\t<\/div>","protected":false},"excerpt":{"rendered":"<p>H\u00c9BERGEMENT&nbsp;WEB Vous souhaitez cr\u00e9er un site Internet mais ne savez pas vers qui vous tourner pour l\u2019h\u00e9bergement ? Aucun soucis, Web Services Buddy s&#8217;occupe de tout! Nous vous proposons de prendre en charge l&#8217;h\u00e9bergement de votre site web.\u00a0 L&#8217;ensemble de nos sites sont h\u00e9berg\u00e9s sur O2SWITCH, h\u00e9bergeur fran\u00e7ais qui propose un service complet gr\u00e2ce \u00e0 [&hellip;]<\/p>","protected":false},"author":1,"featured_media":0,"parent":0,"menu_order":0,"comment_status":"closed","ping_status":"closed","template":"","meta":{"_acf_changed":false,"footnotes":""},"class_list":["post-1489","page","type-page","status-publish","hentry"],"acf":[],"yoast_head":"<!-- This site is optimized with the Yoast SEO Premium plugin v19.1 (Yoast SEO v23.3) - https:\/\/yoast.com\/wordpress\/plugins\/seo\/ -->\n<title>H\u00e9bergement Web - Cr\u00e9ation de sites internet, Webdesigner &amp; Graphic Design Freelance<\/title>\n<meta name=\"robots\" content=\"index, follow, max-snippet:-1, max-image-preview:large, max-video-preview:-1\" \/>\n<link rel=\"canonical\" href=\"https:\/\/webservicesbuddy.com\/en\/hebergement-web\/\" \/>\n<meta property=\"og:locale\" content=\"en_US\" \/>\n<meta property=\"og:type\" content=\"article\" \/>\n<meta property=\"og:title\" content=\"H\u00e9bergement Web\" \/>\n<meta property=\"og:description\" content=\"H\u00c9BERGEMENT&nbsp;WEB Vous souhaitez cr\u00e9er un site Internet mais ne savez pas vers qui vous tourner pour l\u2019h\u00e9bergement ? Aucun soucis, Web Services Buddy s&#8217;occupe de tout! Nous vous proposons de prendre en charge l&#8217;h\u00e9bergement de votre site web.\u00a0 L&#8217;ensemble de nos sites sont h\u00e9berg\u00e9s sur O2SWITCH, h\u00e9bergeur fran\u00e7ais qui propose un service complet gr\u00e2ce \u00e0 [&hellip;]\" \/>\n<meta property=\"og:url\" content=\"https:\/\/webservicesbuddy.com\/en\/hebergement-web\/\" \/>\n<meta property=\"og:site_name\" content=\"Cr\u00e9ation de sites internet, Webdesigner &amp; Graphic Design Freelance\" \/>\n<meta property=\"article:modified_time\" content=\"2023-08-29T07:51:49+00:00\" \/>\n<meta property=\"og:image\" content=\"https:\/\/webservicesbuddy.com\/wp-content\/uploads\/2023\/08\/o2switch.fr-big.jpg\" \/>\n<meta name=\"twitter:card\" content=\"summary_large_image\" \/>\n<meta name=\"twitter:label1\" content=\"Est. reading time\" \/>\n\t<meta name=\"twitter:data1\" content=\"1 minute\" \/>\n<script type=\"application\/ld+json\" class=\"yoast-schema-graph\">{\"@context\":\"https:\/\/schema.org\",\"@graph\":[{\"@type\":\"WebPage\",\"@id\":\"https:\/\/webservicesbuddy.com\/hebergement-web\/\",\"url\":\"https:\/\/webservicesbuddy.com\/hebergement-web\/\",\"name\":\"H\u00e9bergement Web - Cr\u00e9ation de sites internet, Webdesigner &amp; Graphic Design Freelance\",\"isPartOf\":{\"@id\":\"https:\/\/webservicesbuddy.com\/#website\"},\"primaryImageOfPage\":{\"@id\":\"https:\/\/webservicesbuddy.com\/hebergement-web\/#primaryimage\"},\"image\":{\"@id\":\"https:\/\/webservicesbuddy.com\/hebergement-web\/#primaryimage\"},\"thumbnailUrl\":\"https:\/\/webservicesbuddy.com\/wp-content\/uploads\/2023\/08\/o2switch.fr-big.jpg\",\"datePublished\":\"2023-08-29T07:40:59+00:00\",\"dateModified\":\"2023-08-29T07:51:49+00:00\",\"breadcrumb\":{\"@id\":\"https:\/\/webservicesbuddy.com\/hebergement-web\/#breadcrumb\"},\"inLanguage\":\"en-US\",\"potentialAction\":[{\"@type\":\"ReadAction\",\"target\":[\"https:\/\/webservicesbuddy.com\/hebergement-web\/\"]}]},{\"@type\":\"ImageObject\",\"inLanguage\":\"en-US\",\"@id\":\"https:\/\/webservicesbuddy.com\/hebergement-web\/#primaryimage\",\"url\":\"https:\/\/webservicesbuddy.com\/wp-content\/uploads\/2023\/08\/o2switch.fr-big.jpg\",\"contentUrl\":\"https:\/\/webservicesbuddy.com\/wp-content\/uploads\/2023\/08\/o2switch.fr-big.jpg\"},{\"@type\":\"BreadcrumbList\",\"@id\":\"https:\/\/webservicesbuddy.com\/hebergement-web\/#breadcrumb\",\"itemListElement\":[{\"@type\":\"ListItem\",\"position\":1,\"name\":\"Home\",\"item\":\"https:\/\/webservicesbuddy.com\/\"},{\"@type\":\"ListItem\",\"position\":2,\"name\":\"H\u00e9bergement Web\"}]},{\"@type\":\"WebSite\",\"@id\":\"https:\/\/webservicesbuddy.com\/#website\",\"url\":\"https:\/\/webservicesbuddy.com\/\",\"name\":\"Cr\u00e9ation de sites internet, Webdesigner &amp; Graphic Design Freelance\",\"description\":\"Freelance | Site vitrine WordPress | Site ecommerce Woocommerce  | Cr\u00e9ation de logos et visuels | Image de marque &amp; Branding\",\"publisher\":{\"@id\":\"https:\/\/webservicesbuddy.com\/#organization\"},\"potentialAction\":[{\"@type\":\"SearchAction\",\"target\":{\"@type\":\"EntryPoint\",\"urlTemplate\":\"https:\/\/webservicesbuddy.com\/?s={search_term_string}\"},\"query-input\":\"required name=search_term_string\"}],\"inLanguage\":\"en-US\"},{\"@type\":\"Organization\",\"@id\":\"https:\/\/webservicesbuddy.com\/#organization\",\"name\":\"Web Services Buddy\",\"url\":\"https:\/\/webservicesbuddy.com\/\",\"logo\":{\"@type\":\"ImageObject\",\"inLanguage\":\"en-US\",\"@id\":\"https:\/\/webservicesbuddy.com\/#\/schema\/logo\/image\/\",\"url\":\"https:\/\/webservicesbuddy.com\/wp-content\/uploads\/2021\/04\/cropped-favi.jpg\",\"contentUrl\":\"https:\/\/webservicesbuddy.com\/wp-content\/uploads\/2021\/04\/cropped-favi.jpg\",\"width\":512,\"height\":512,\"caption\":\"Web Services Buddy\"},\"image\":{\"@id\":\"https:\/\/webservicesbuddy.com\/#\/schema\/logo\/image\/\"}}]}<\/script>\n<!-- \/ Yoast SEO Premium plugin. -->","yoast_head_json":{"title":"H\u00e9bergement Web - Cr\u00e9ation de sites internet, Webdesigner &amp; Graphic Design Freelance","robots":{"index":"index","follow":"follow","max-snippet":"max-snippet:-1","max-image-preview":"max-image-preview:large","max-video-preview":"max-video-preview:-1"},"canonical":"https:\/\/webservicesbuddy.com\/en\/hebergement-web\/","og_locale":"en_US","og_type":"article","og_title":"H\u00e9bergement Web","og_description":"H\u00c9BERGEMENT&nbsp;WEB Vous souhaitez cr\u00e9er un site Internet mais ne savez pas vers qui vous tourner pour l\u2019h\u00e9bergement ? Aucun soucis, Web Services Buddy s&#8217;occupe de tout! Nous vous proposons de prendre en charge l&#8217;h\u00e9bergement de votre site web.\u00a0 L&#8217;ensemble de nos sites sont h\u00e9berg\u00e9s sur O2SWITCH, h\u00e9bergeur fran\u00e7ais qui propose un service complet gr\u00e2ce \u00e0 [&hellip;]","og_url":"https:\/\/webservicesbuddy.com\/en\/hebergement-web\/","og_site_name":"Cr\u00e9ation de sites internet, Webdesigner &amp; Graphic Design Freelance","article_modified_time":"2023-08-29T07:51:49+00:00","og_image":[{"url":"https:\/\/webservicesbuddy.com\/wp-content\/uploads\/2023\/08\/o2switch.fr-big.jpg"}],"twitter_card":"summary_large_image","twitter_misc":{"Est. reading time":"1 minute"},"schema":{"@context":"https:\/\/schema.org","@graph":[{"@type":"WebPage","@id":"https:\/\/webservicesbuddy.com\/hebergement-web\/","url":"https:\/\/webservicesbuddy.com\/hebergement-web\/","name":"H\u00e9bergement Web - Cr\u00e9ation de sites internet, Webdesigner &amp; Graphic Design Freelance","isPartOf":{"@id":"https:\/\/webservicesbuddy.com\/#website"},"primaryImageOfPage":{"@id":"https:\/\/webservicesbuddy.com\/hebergement-web\/#primaryimage"},"image":{"@id":"https:\/\/webservicesbuddy.com\/hebergement-web\/#primaryimage"},"thumbnailUrl":"https:\/\/webservicesbuddy.com\/wp-content\/uploads\/2023\/08\/o2switch.fr-big.jpg","datePublished":"2023-08-29T07:40:59+00:00","dateModified":"2023-08-29T07:51:49+00:00","breadcrumb":{"@id":"https:\/\/webservicesbuddy.com\/hebergement-web\/#breadcrumb"},"inLanguage":"en-US","potentialAction":[{"@type":"ReadAction","target":["https:\/\/webservicesbuddy.com\/hebergement-web\/"]}]},{"@type":"ImageObject","inLanguage":"en-US","@id":"https:\/\/webservicesbuddy.com\/hebergement-web\/#primaryimage","url":"https:\/\/webservicesbuddy.com\/wp-content\/uploads\/2023\/08\/o2switch.fr-big.jpg","contentUrl":"https:\/\/webservicesbuddy.com\/wp-content\/uploads\/2023\/08\/o2switch.fr-big.jpg"},{"@type":"BreadcrumbList","@id":"https:\/\/webservicesbuddy.com\/hebergement-web\/#breadcrumb","itemListElement":[{"@type":"ListItem","position":1,"name":"Home","item":"https:\/\/webservicesbuddy.com\/"},{"@type":"ListItem","position":2,"name":"H\u00e9bergement Web"}]},{"@type":"WebSite","@id":"https:\/\/webservicesbuddy.com\/#website","url":"https:\/\/webservicesbuddy.com\/","name":"Cr\u00e9ation de sites internet, Webdesigner &amp; Graphic Design Freelance","description":"Freelance | Site vitrine WordPress | Site ecommerce Woocommerce  | Cr\u00e9ation de logos et visuels | Image de marque &amp; Branding","publisher":{"@id":"https:\/\/webservicesbuddy.com\/#organization"},"potentialAction":[{"@type":"SearchAction","target":{"@type":"EntryPoint","urlTemplate":"https:\/\/webservicesbuddy.com\/?s={search_term_string}"},"query-input":"required name=search_term_string"}],"inLanguage":"en-US"},{"@type":"Organization","@id":"https:\/\/webservicesbuddy.com\/#organization","name":"Web Services Buddy","url":"https:\/\/webservicesbuddy.com\/","logo":{"@type":"ImageObject","inLanguage":"en-US","@id":"https:\/\/webservicesbuddy.com\/#\/schema\/logo\/image\/","url":"https:\/\/webservicesbuddy.com\/wp-content\/uploads\/2021\/04\/cropped-favi.jpg","contentUrl":"https:\/\/webservicesbuddy.com\/wp-content\/uploads\/2021\/04\/cropped-favi.jpg","width":512,"height":512,"caption":"Web Services Buddy"},"image":{"@id":"https:\/\/webservicesbuddy.com\/#\/schema\/logo\/image\/"}}]}},"_links":{"self":[{"href":"https:\/\/webservicesbuddy.com\/en\/wp-json\/wp\/v2\/pages\/1489","targetHints":{"allow":["GET"]}}],"collection":[{"href":"https:\/\/webservicesbuddy.com\/en\/wp-json\/wp\/v2\/pages"}],"about":[{"href":"https:\/\/webservicesbuddy.com\/en\/wp-json\/wp\/v2\/types\/page"}],"author":[{"embeddable":true,"href":"https:\/\/webservicesbuddy.com\/en\/wp-json\/wp\/v2\/users\/1"}],"replies":[{"embeddable":true,"href":"https:\/\/webservicesbuddy.com\/en\/wp-json\/wp\/v2\/comments?post=1489"}],"version-history":[{"count":7,"href":"https:\/\/webservicesbuddy.com\/en\/wp-json\/wp\/v2\/pages\/1489\/revisions"}],"predecessor-version":[{"id":1498,"href":"https:\/\/webservicesbuddy.com\/en\/wp-json\/wp\/v2\/pages\/1489\/revisions\/1498"}],"wp:attachment":[{"href":"https:\/\/webservicesbuddy.com\/en\/wp-json\/wp\/v2\/media?parent=1489"}],"curies":[{"name":"wp","href":"https:\/\/api.w.org\/{rel}","templated":true}]}}